{"id":153,"date":"2025-10-07T17:37:43","date_gmt":"2025-10-07T17:37:43","guid":{"rendered":"https:\/\/www.o2residence.ro\/?page_id=153"},"modified":"2025-10-08T17:23:23","modified_gmt":"2025-10-08T17:23:23","slug":"politica-de-cookie","status":"publish","type":"page","link":"https:\/\/www.o2residence.ro\/en\/politica-de-cookie\/","title":{"rendered":"Cookie policy"},"content":{"rendered":"<p>On this page we will use the term &quot;cookie&quot; to refer to cookies and other similar technologies included in&nbsp;<strong>EU Directive<\/strong>&nbsp;regarding the confidentiality of electronic communications.<\/p>\n\n\n\n<blockquote class=\"wp-block-quote is-layout-flow wp-block-quote-is-layout-flow\">\n<p><em><strong>Please read:&nbsp;<a href=\"https:\/\/www.google.com\/about\/company\/user-consent-policy.html\" target=\"_blank\" rel=\"noreferrer noopener\">EU User Consent Policy<\/a><\/strong><\/em><\/p>\n<\/blockquote>\n\n\n\n<p><strong>This website uses cookies,<\/strong>&nbsp;both our own and from third parties to provide visitors with a much better browsing experience and services tailored to each person&#039;s needs and interests.<\/p>\n\n\n\n<p><strong>What is a cookie?<\/strong><br>Cookies are small text files, created by the website you are visiting, that contain data. They are saved on the visitor&#039;s computer to provide the user with access to various functions. Both session cookies and persistent cookies are used on our websites. A session cookie is temporarily saved in the computer&#039;s memory while the visitor is browsing the website. This cookie is deleted when the user closes their web browser or after a certain period of time has elapsed (i.e. the session expires). A persistent cookie remains on the visitor&#039;s computer until it is deleted.<\/p>\n\n\n\n<p><strong>Why do we use cookies?<\/strong><br>We use cookies to learn more about how visitors interact with our content and to help us improve the experience of visiting our website.<\/p>\n\n\n\n<p><strong>Website functionality and content<\/strong><br>The sharing feature is used by visitors to recommend our website and content on social networks such as Facebook and Twitter. Cookies save information about how visitors use the sharing feature \u2013 but not on an individual level \u2013 to help improve the website. If you do not accept cookies, no information is saved. We use third-party providers for some functions on our websites, for example, when you visit a page with embedded videos or links to YouTube. These videos or links (and any other content from third-party providers) may contain third-party cookies and we recommend that you consult the policies of these third-party websites for information about how they use cookies.<\/p>\n\n\n\n<p><strong>Web analytics<\/strong><br>This website uses Google Analytics which uses cookies. Collectively, cookies save information about how visitors use the website, including the number of pages viewed, where the visitor comes from and the number of visits, in order to improve the website and ensure a good user experience. If you do not accept cookies, no information is saved.<\/p>\n\n\n\n<p><strong>How can I reject and delete cookies?<\/strong><br>We will not use cookies to collect personally identifiable information about a visitor. However, if you wish, you can choose to reject or block cookies set by Firme 365 or any third-party provider websites by changing your browser settings \u2013 see the \u201cHelp\u201d function in your browser for details. Please note that most browsers automatically accept cookies, so if you do not want cookies, you will need to take action to delete or block cookies. For information about the use of cookies on mobile phone browsers and for details on how to reject or delete such cookies, please refer to your mobile phone manual. Please note that if you reject the use of cookies, you will be able to visit our websites, but some features may not work properly.<\/p>","protected":false},"excerpt":{"rendered":"<p>Pe aceasta pagina vom folosi&nbsp;termenul \u201ecookie\u201d pentru a ne referi la cookie-uri \u015fi alte tehnologii similare cuprinse \u00een&nbsp;Directiva UE&nbsp;cu privire la confiden\u0163ialitatea comunica\u0163iilor electronice. Va rog<span class=\"excerpt-hellip\"> [\u2026]<\/span><\/p>\n","protected":false},"author":1,"featured_media":0,"parent":0,"menu_order":0,"comment_status":"closed","ping_status":"closed","template":"","meta":{"footnotes":""},"class_list":["post-153","page","type-page","status-publish","hentry"],"_links":{"self":[{"href":"https:\/\/www.o2residence.ro\/en\/wp-json\/wp\/v2\/pages\/153","targetHints":{"allow":["GET"]}}],"collection":[{"href":"https:\/\/www.o2residence.ro\/en\/wp-json\/wp\/v2\/pages"}],"about":[{"href":"https:\/\/www.o2residence.ro\/en\/wp-json\/wp\/v2\/types\/page"}],"author":[{"embeddable":true,"href":"https:\/\/www.o2residence.ro\/en\/wp-json\/wp\/v2\/users\/1"}],"replies":[{"embeddable":true,"href":"https:\/\/www.o2residence.ro\/en\/wp-json\/wp\/v2\/comments?post=153"}],"version-history":[{"count":1,"href":"https:\/\/www.o2residence.ro\/en\/wp-json\/wp\/v2\/pages\/153\/revisions"}],"predecessor-version":[{"id":154,"href":"https:\/\/www.o2residence.ro\/en\/wp-json\/wp\/v2\/pages\/153\/revisions\/154"}],"wp:attachment":[{"href":"https:\/\/www.o2residence.ro\/en\/wp-json\/wp\/v2\/media?parent=153"}],"curies":[{"name":"wp","href":"https:\/\/api.w.org\/{rel}","templated":true}]}}